{"id":124,"date":"2018-05-25T14:00:21","date_gmt":"2018-05-25T12:00:21","guid":{"rendered":"http:\/\/zahia.fr\/?page_id=124"},"modified":"2018-05-25T14:00:25","modified_gmt":"2018-05-25T12:00:25","slug":"contact","status":"publish","type":"page","link":"https:\/\/www.zahia.fr\/index.php\/contact\/","title":{"rendered":"Contact"},"content":{"rendered":"<p>[vc_row][vc_column]<div role=\"form\" class=\"wpcf7\" id=\"wpcf7-f12-o1\" lang=\"fr-FR\" dir=\"ltr\">\n<div class=\"screen-reader-response\"><\/div>\n<form action=\"\/index.php\/wp-json\/wp\/v2\/pages\/124#wpcf7-f12-o1\" method=\"post\" class=\"wpcf7-form\" novalidate=\"novalidate\">\n<div style=\"display: none;\">\n<input type=\"hidden\" name=\"_wpcf7\" value=\"12\" \/>\n<input type=\"hidden\" name=\"_wpcf7_version\" value=\"4.9.2\" \/>\n<input type=\"hidden\" name=\"_wpcf7_locale\" value=\"fr_FR\" \/>\n<input type=\"hidden\" name=\"_wpcf7_unit_tag\" value=\"wpcf7-f12-o1\" \/>\n<input type=\"hidden\" name=\"_wpcf7_container_post\" value=\"0\" \/>\n<\/div>\n<div class=\"wpcf7-form-control-wrap\"><div data-sitekey=\"6LfE7cMpAAAAAPQJx6cgw17qRg3YPPkbn5Kzu87N\" class=\"wpcf7-form-control g-recaptcha wpcf7-recaptcha\"><\/div>\n<noscript>\n\t<div style=\"width: 302px; height: 422px;\">\n\t\t<div style=\"width: 302px; height: 422px; position: relative;\">\n\t\t\t<div style=\"width: 302px; height: 422px; position: absolute;\">\n\t\t\t\t<iframe src=\"https:\/\/www.google.com\/recaptcha\/api\/fallback?k=6LfE7cMpAAAAAPQJx6cgw17qRg3YPPkbn5Kzu87N\" frameborder=\"0\" scrolling=\"no\" style=\"width: 302px; height:422px; border-style: none;\">\n\t\t\t\t<\/iframe>\n\t\t\t<\/div>\n\t\t\t<div style=\"width: 300px; height: 60px; border-style: none; bottom: 12px; left: 25px; margin: 0px; padding: 0px; right: 25px; background: #f9f9f9; border: 1px solid #c1c1c1; border-radius: 3px;\">\n\t\t\t\t<textarea id=\"g-recaptcha-response\" name=\"g-recaptcha-response\" class=\"g-recaptcha-response\" style=\"width: 250px; height: 40px; border: 1px solid #c1c1c1; margin: 10px 25px; padding: 0px; resize: none;\">\n\t\t\t\t<\/textarea>\n\t\t\t<\/div>\n\t\t<\/div>\n\t<\/div>\n<\/noscript>\n<\/div>\n<p><label> Your Name (required)<br \/>\n    <span class=\"wpcf7-form-control-wrap your-name\"><input type=\"text\" name=\"your-name\" value=\"\" size=\"40\" class=\"wpcf7-form-control wpcf7-text wpcf7-validates-as-required\" aria-required=\"true\" aria-invalid=\"false\" \/><\/span> <\/label><\/p>\n<p><label> Your Email (required)<br \/>\n    <span class=\"wpcf7-form-control-wrap your-email\"><input type=\"email\" name=\"your-email\" value=\"\" size=\"40\" class=\"wpcf7-form-control wpcf7-text wpcf7-email wpcf7-validates-as-required wpcf7-validates-as-email\" aria-required=\"true\" aria-invalid=\"false\" \/><\/span> <\/label><\/p>\n<p><label> Subject<br \/>\n    <span class=\"wpcf7-form-control-wrap your-subject\"><input type=\"text\" name=\"your-subject\" value=\"\" size=\"40\" class=\"wpcf7-form-control wpcf7-text\" aria-invalid=\"false\" \/><\/span> <\/label><\/p>\n<p><label> Your Message<br \/>\n    <span class=\"wpcf7-form-control-wrap your-message\"><textarea name=\"your-message\" cols=\"40\" rows=\"10\" class=\"wpcf7-form-control wpcf7-textarea\" aria-invalid=\"false\"><\/textarea><\/span> <\/label><\/p>\n<div class=\"wpcf7-form-control-wrap\"><div data-sitekey=\"6LfE7cMpAAAAAPQJx6cgw17qRg3YPPkbn5Kzu87N\" data-size=\"compact\" class=\"wpcf7-form-control g-recaptcha wpcf7-recaptcha\"><\/div>\n<noscript>\n\t<div style=\"width: 302px; height: 422px;\">\n\t\t<div style=\"width: 302px; height: 422px; position: relative;\">\n\t\t\t<div style=\"width: 302px; height: 422px; position: absolute;\">\n\t\t\t\t<iframe src=\"https:\/\/www.google.com\/recaptcha\/api\/fallback?k=6LfE7cMpAAAAAPQJx6cgw17qRg3YPPkbn5Kzu87N\" frameborder=\"0\" scrolling=\"no\" style=\"width: 302px; height:422px; border-style: none;\">\n\t\t\t\t<\/iframe>\n\t\t\t<\/div>\n\t\t\t<div style=\"width: 300px; height: 60px; border-style: none; bottom: 12px; left: 25px; margin: 0px; padding: 0px; right: 25px; background: #f9f9f9; border: 1px solid #c1c1c1; border-radius: 3px;\">\n\t\t\t\t<textarea id=\"g-recaptcha-response\" name=\"g-recaptcha-response\" class=\"g-recaptcha-response\" style=\"width: 250px; height: 40px; border: 1px solid #c1c1c1; margin: 10px 25px; padding: 0px; resize: none;\">\n\t\t\t\t<\/textarea>\n\t\t\t<\/div>\n\t\t<\/div>\n\t<\/div>\n<\/noscript>\n<\/div>\n<p><label> Etes vous un Humain ou une Machine ?   Humain   <span class=\"wpcf7-form-control-wrap EtesvousHumain\"><input type=\"checkbox\" name=\"EtesvousHumain\" value=\"1\" class=\"wpcf7-form-control wpcf7-acceptance\" aria-invalid=\"false\" \/><\/span> <\/label> <\/p>\n<p><input type=\"submit\" value=\"Send\" class=\"wpcf7-form-control wpcf7-submit\" \/><\/p>\n<p style=\"display: none !important;\" class=\"akismet-fields-container\" data-prefix=\"_wpcf7_ak_\"><label>&#916;<textarea name=\"_wpcf7_ak_hp_textarea\" cols=\"45\" rows=\"8\" maxlength=\"100\"><\/textarea><\/label><input type=\"hidden\" id=\"ak_js_1\" name=\"_wpcf7_ak_js\" value=\"212\"\/><script>document.getElementById( \"ak_js_1\" ).setAttribute( \"value\", ( new Date() ).getTime() );<\/script><\/p><div class=\"wpcf7-response-output wpcf7-display-none\"><\/div><\/form><\/div>[\/vc_column][\/vc_row]<\/p>\n","protected":false},"excerpt":{"rendered":"<p>[vc_row][vc_column][\/vc_column][\/vc_row]<\/p>\n","protected":false},"author":1,"featured_media":0,"parent":0,"menu_order":0,"comment_status":"closed","ping_status":"closed","template":"","meta":{"footnotes":""},"class_list":["post-124","page","type-page","status-publish","hentry"],"yoast_head":"<!-- This site is optimized with the Yoast SEO plugin v23.0 - https:\/\/yoast.com\/wordpress\/plugins\/seo\/ -->\n<title>Contact - Zahia - Artiste Peintre de toiles vivantes, Photographe de l&#039;authentique et Art-Th\u00e9rapeute. Sp\u00e9cialis\u00e9e en Encaustique et Bien \u00eatre<\/title>\n<meta name=\"robots\" content=\"index, follow, max-snippet:-1, max-image-preview:large, max-video-preview:-1\" \/>\n<link rel=\"canonical\" href=\"https:\/\/www.zahia.fr\/index.php\/contact\/\" \/>\n<meta property=\"og:locale\" content=\"fr_FR\" \/>\n<meta property=\"og:type\" content=\"article\" \/>\n<meta property=\"og:title\" content=\"Contact - Zahia - Artiste Peintre de toiles vivantes, Photographe de l&#039;authentique et Art-Th\u00e9rapeute. Sp\u00e9cialis\u00e9e en Encaustique et Bien \u00eatre\" \/>\n<meta property=\"og:description\" content=\"[vc_row][vc_column][\/vc_column][\/vc_row]\" \/>\n<meta property=\"og:url\" content=\"https:\/\/www.zahia.fr\/index.php\/contact\/\" \/>\n<meta property=\"og:site_name\" content=\"Zahia - Artiste Peintre de toiles vivantes, Photographe de l&#039;authentique et Art-Th\u00e9rapeute. Sp\u00e9cialis\u00e9e en Encaustique et Bien \u00eatre\" \/>\n<meta property=\"article:modified_time\" content=\"2018-05-25T12:00:25+00:00\" \/>\n<meta name=\"twitter:card\" content=\"summary_large_image\" \/>\n<script type=\"application\/ld+json\" class=\"yoast-schema-graph\">{\"@context\":\"https:\/\/schema.org\",\"@graph\":[{\"@type\":\"WebPage\",\"@id\":\"https:\/\/www.zahia.fr\/index.php\/contact\/\",\"url\":\"https:\/\/www.zahia.fr\/index.php\/contact\/\",\"name\":\"Contact - Zahia - Artiste Peintre de toiles vivantes, Photographe de l&#039;authentique et Art-Th\u00e9rapeute. Sp\u00e9cialis\u00e9e en Encaustique et Bien \u00eatre\",\"isPartOf\":{\"@id\":\"https:\/\/www.zahia.fr\/#website\"},\"datePublished\":\"2018-05-25T12:00:21+00:00\",\"dateModified\":\"2018-05-25T12:00:25+00:00\",\"breadcrumb\":{\"@id\":\"https:\/\/www.zahia.fr\/index.php\/contact\/#breadcrumb\"},\"inLanguage\":\"fr-FR\",\"potentialAction\":[{\"@type\":\"ReadAction\",\"target\":[\"https:\/\/www.zahia.fr\/index.php\/contact\/\"]}]},{\"@type\":\"BreadcrumbList\",\"@id\":\"https:\/\/www.zahia.fr\/index.php\/contact\/#breadcrumb\",\"itemListElement\":[{\"@type\":\"ListItem\",\"position\":1,\"name\":\"Accueil\",\"item\":\"https:\/\/www.zahia.fr\/\"},{\"@type\":\"ListItem\",\"position\":2,\"name\":\"Contact\"}]},{\"@type\":\"WebSite\",\"@id\":\"https:\/\/www.zahia.fr\/#website\",\"url\":\"https:\/\/www.zahia.fr\/\",\"name\":\"Zahia Artiste Peintre, Photographe et Th\u00e9rapeute - Encaustique et Toiles vivantes\",\"description\":\"L&#039;Art au service du Bien\",\"publisher\":{\"@id\":\"https:\/\/www.zahia.fr\/#\/schema\/person\/96b83c2a05e612d5e9a768ae89537b33\"},\"alternateName\":\"Zahia & l'encaustique - L&#039;Art au service du Bien\",\"potentialAction\":[{\"@type\":\"SearchAction\",\"target\":{\"@type\":\"EntryPoint\",\"urlTemplate\":\"https:\/\/www.zahia.fr\/?s={search_term_string}\"},\"query-input\":\"required name=search_term_string\"}],\"inLanguage\":\"fr-FR\"},{\"@type\":[\"Person\",\"Organization\"],\"@id\":\"https:\/\/www.zahia.fr\/#\/schema\/person\/96b83c2a05e612d5e9a768ae89537b33\",\"name\":\"zahiapeintre\",\"image\":{\"@type\":\"ImageObject\",\"inLanguage\":\"fr-FR\",\"@id\":\"https:\/\/www.zahia.fr\/#\/schema\/person\/image\/\",\"url\":\"https:\/\/zahia.fr\/wp-content\/uploads\/2024\/07\/185504431502228.jpg\",\"contentUrl\":\"https:\/\/zahia.fr\/wp-content\/uploads\/2024\/07\/185504431502228.jpg\",\"width\":237,\"height\":215,\"caption\":\"zahiapeintre\"},\"logo\":{\"@id\":\"https:\/\/www.zahia.fr\/#\/schema\/person\/image\/\"}}]}<\/script>\n<!-- \/ Yoast SEO plugin. -->","yoast_head_json":{"title":"Contact - Zahia - Artiste Peintre de toiles vivantes, Photographe de l&#039;authentique et Art-Th\u00e9rapeute. Sp\u00e9cialis\u00e9e en Encaustique et Bien \u00eatre","robots":{"index":"index","follow":"follow","max-snippet":"max-snippet:-1","max-image-preview":"max-image-preview:large","max-video-preview":"max-video-preview:-1"},"canonical":"https:\/\/www.zahia.fr\/index.php\/contact\/","og_locale":"fr_FR","og_type":"article","og_title":"Contact - Zahia - Artiste Peintre de toiles vivantes, Photographe de l&#039;authentique et Art-Th\u00e9rapeute. Sp\u00e9cialis\u00e9e en Encaustique et Bien \u00eatre","og_description":"[vc_row][vc_column][\/vc_column][\/vc_row]","og_url":"https:\/\/www.zahia.fr\/index.php\/contact\/","og_site_name":"Zahia - Artiste Peintre de toiles vivantes, Photographe de l&#039;authentique et Art-Th\u00e9rapeute. Sp\u00e9cialis\u00e9e en Encaustique et Bien \u00eatre","article_modified_time":"2018-05-25T12:00:25+00:00","twitter_card":"summary_large_image","schema":{"@context":"https:\/\/schema.org","@graph":[{"@type":"WebPage","@id":"https:\/\/www.zahia.fr\/index.php\/contact\/","url":"https:\/\/www.zahia.fr\/index.php\/contact\/","name":"Contact - Zahia - Artiste Peintre de toiles vivantes, Photographe de l&#039;authentique et Art-Th\u00e9rapeute. Sp\u00e9cialis\u00e9e en Encaustique et Bien \u00eatre","isPartOf":{"@id":"https:\/\/www.zahia.fr\/#website"},"datePublished":"2018-05-25T12:00:21+00:00","dateModified":"2018-05-25T12:00:25+00:00","breadcrumb":{"@id":"https:\/\/www.zahia.fr\/index.php\/contact\/#breadcrumb"},"inLanguage":"fr-FR","potentialAction":[{"@type":"ReadAction","target":["https:\/\/www.zahia.fr\/index.php\/contact\/"]}]},{"@type":"BreadcrumbList","@id":"https:\/\/www.zahia.fr\/index.php\/contact\/#breadcrumb","itemListElement":[{"@type":"ListItem","position":1,"name":"Accueil","item":"https:\/\/www.zahia.fr\/"},{"@type":"ListItem","position":2,"name":"Contact"}]},{"@type":"WebSite","@id":"https:\/\/www.zahia.fr\/#website","url":"https:\/\/www.zahia.fr\/","name":"Zahia Artiste Peintre, Photographe et Th\u00e9rapeute - Encaustique et Toiles vivantes","description":"L&#039;Art au service du Bien","publisher":{"@id":"https:\/\/www.zahia.fr\/#\/schema\/person\/96b83c2a05e612d5e9a768ae89537b33"},"alternateName":"Zahia & l'encaustique - L&#039;Art au service du Bien","potentialAction":[{"@type":"SearchAction","target":{"@type":"EntryPoint","urlTemplate":"https:\/\/www.zahia.fr\/?s={search_term_string}"},"query-input":"required name=search_term_string"}],"inLanguage":"fr-FR"},{"@type":["Person","Organization"],"@id":"https:\/\/www.zahia.fr\/#\/schema\/person\/96b83c2a05e612d5e9a768ae89537b33","name":"zahiapeintre","image":{"@type":"ImageObject","inLanguage":"fr-FR","@id":"https:\/\/www.zahia.fr\/#\/schema\/person\/image\/","url":"https:\/\/zahia.fr\/wp-content\/uploads\/2024\/07\/185504431502228.jpg","contentUrl":"https:\/\/zahia.fr\/wp-content\/uploads\/2024\/07\/185504431502228.jpg","width":237,"height":215,"caption":"zahiapeintre"},"logo":{"@id":"https:\/\/www.zahia.fr\/#\/schema\/person\/image\/"}}]}},"_links":{"self":[{"href":"https:\/\/www.zahia.fr\/index.php\/wp-json\/wp\/v2\/pages\/124","targetHints":{"allow":["GET"]}}],"collection":[{"href":"https:\/\/www.zahia.fr\/index.php\/wp-json\/wp\/v2\/pages"}],"about":[{"href":"https:\/\/www.zahia.fr\/index.php\/wp-json\/wp\/v2\/types\/page"}],"author":[{"embeddable":true,"href":"https:\/\/www.zahia.fr\/index.php\/wp-json\/wp\/v2\/users\/1"}],"replies":[{"embeddable":true,"href":"https:\/\/www.zahia.fr\/index.php\/wp-json\/wp\/v2\/comments?post=124"}],"version-history":[{"count":2,"href":"https:\/\/www.zahia.fr\/index.php\/wp-json\/wp\/v2\/pages\/124\/revisions"}],"predecessor-version":[{"id":126,"href":"https:\/\/www.zahia.fr\/index.php\/wp-json\/wp\/v2\/pages\/124\/revisions\/126"}],"wp:attachment":[{"href":"https:\/\/www.zahia.fr\/index.php\/wp-json\/wp\/v2\/media?parent=124"}],"curies":[{"name":"wp","href":"https:\/\/api.w.org\/{rel}","templated":true}]}}