{"id":2,"date":"2016-10-26T01:42:32","date_gmt":"2016-10-25T23:42:32","guid":{"rendered":"http:\/\/zahia.fr\/?page_id=2"},"modified":"2024-07-15T01:40:39","modified_gmt":"2024-07-14T23:40:39","slug":"zahia-artiste-peintre-photographe-et-therapeute-encaustique-et-toiles-vivantes","status":"publish","type":"page","link":"https:\/\/www.zahia.fr\/index.php\/zahia-artiste-peintre-photographe-et-therapeute-encaustique-et-toiles-vivantes\/","title":{"rendered":"Soyez les Bienvenus sur Zahia.fr"},"content":{"rendered":"\n<p><\/p>\n\n\n<div class=\"wp-block-image\">\n<figure class=\"aligncenter is-resized\"><img loading=\"lazy\" decoding=\"async\" width=\"1976\" height=\"2560\" src=\"https:\/\/www.zahia.fr\/wp-content\/uploads\/2024\/07\/salon-scaled.jpg\" alt=\"\" class=\"wp-image-3248\" style=\"width:337px;height:auto\" srcset=\"https:\/\/www.zahia.fr\/wp-content\/uploads\/2024\/07\/salon-scaled.jpg 1976w, https:\/\/www.zahia.fr\/wp-content\/uploads\/2024\/07\/salon-232x300.jpg 232w, https:\/\/www.zahia.fr\/wp-content\/uploads\/2024\/07\/salon-790x1024.jpg 790w, https:\/\/www.zahia.fr\/wp-content\/uploads\/2024\/07\/salon-768x995.jpg 768w, https:\/\/www.zahia.fr\/wp-content\/uploads\/2024\/07\/salon-1185x1536.jpg 1185w, https:\/\/www.zahia.fr\/wp-content\/uploads\/2024\/07\/salon-1581x2048.jpg 1581w\" sizes=\"auto, (max-width: 706px) 89vw, (max-width: 767px) 82vw, 740px\" \/><\/figure><\/div>\n\n<p>Soyez les bienvenues sur Zahia.fr. Comme vous pouvez le voir, ce site est en permanente \u00e9volution. &#8230;<\/p>\n<p>N&#8217;h\u00e9sitez pas \u00e0 revenir souvent pour d\u00e9couvrir des nouveaut\u00e9s.<\/p>\n<p>Si vous d\u00e9sirez \u00eatre mis au courant de l&#8217;actualit\u00e9, inscrivez vous \u00e0 notre newsletter<\/p>\n<div role=\"form\" class=\"wpcf7\" id=\"wpcf7-f12-o1\" lang=\"fr-FR\" dir=\"ltr\">\n<div class=\"screen-reader-response\"><\/div>\n<form action=\"\/index.php\/wp-json\/wp\/v2\/pages\/2#wpcf7-f12-o1\" method=\"post\" class=\"wpcf7-form\" novalidate=\"novalidate\">\n<div style=\"display: none;\">\n<input type=\"hidden\" name=\"_wpcf7\" value=\"12\" \/>\n<input type=\"hidden\" name=\"_wpcf7_version\" value=\"4.9.2\" \/>\n<input type=\"hidden\" name=\"_wpcf7_locale\" value=\"fr_FR\" \/>\n<input type=\"hidden\" name=\"_wpcf7_unit_tag\" value=\"wpcf7-f12-o1\" \/>\n<input type=\"hidden\" name=\"_wpcf7_container_post\" value=\"0\" \/>\n<\/div>\n<div class=\"wpcf7-form-control-wrap\"><div data-sitekey=\"6LfE7cMpAAAAAPQJx6cgw17qRg3YPPkbn5Kzu87N\" class=\"wpcf7-form-control g-recaptcha wpcf7-recaptcha\"><\/div>\n<noscript>\n\t<div style=\"width: 302px; height: 422px;\">\n\t\t<div style=\"width: 302px; height: 422px; position: relative;\">\n\t\t\t<div style=\"width: 302px; height: 422px; position: absolute;\">\n\t\t\t\t<iframe src=\"https:\/\/www.google.com\/recaptcha\/api\/fallback?k=6LfE7cMpAAAAAPQJx6cgw17qRg3YPPkbn5Kzu87N\" frameborder=\"0\" scrolling=\"no\" style=\"width: 302px; height:422px; border-style: none;\">\n\t\t\t\t<\/iframe>\n\t\t\t<\/div>\n\t\t\t<div style=\"width: 300px; height: 60px; border-style: none; bottom: 12px; left: 25px; margin: 0px; padding: 0px; right: 25px; background: #f9f9f9; border: 1px solid #c1c1c1; border-radius: 3px;\">\n\t\t\t\t<textarea id=\"g-recaptcha-response\" name=\"g-recaptcha-response\" class=\"g-recaptcha-response\" style=\"width: 250px; height: 40px; border: 1px solid #c1c1c1; margin: 10px 25px; padding: 0px; resize: none;\">\n\t\t\t\t<\/textarea>\n\t\t\t<\/div>\n\t\t<\/div>\n\t<\/div>\n<\/noscript>\n<\/div>\n<p><label> Your Name (required)<br \/>\n    <span class=\"wpcf7-form-control-wrap your-name\"><input type=\"text\" name=\"your-name\" value=\"\" size=\"40\" class=\"wpcf7-form-control wpcf7-text wpcf7-validates-as-required\" aria-required=\"true\" aria-invalid=\"false\" \/><\/span> <\/label><\/p>\n<p><label> Your Email (required)<br \/>\n    <span class=\"wpcf7-form-control-wrap your-email\"><input type=\"email\" name=\"your-email\" value=\"\" size=\"40\" class=\"wpcf7-form-control wpcf7-text wpcf7-email wpcf7-validates-as-required wpcf7-validates-as-email\" aria-required=\"true\" aria-invalid=\"false\" \/><\/span> <\/label><\/p>\n<p><label> Subject<br \/>\n    <span class=\"wpcf7-form-control-wrap your-subject\"><input type=\"text\" name=\"your-subject\" value=\"\" size=\"40\" class=\"wpcf7-form-control wpcf7-text\" aria-invalid=\"false\" \/><\/span> <\/label><\/p>\n<p><label> Your Message<br \/>\n    <span class=\"wpcf7-form-control-wrap your-message\"><textarea name=\"your-message\" cols=\"40\" rows=\"10\" class=\"wpcf7-form-control wpcf7-textarea\" aria-invalid=\"false\"><\/textarea><\/span> <\/label><\/p>\n<div class=\"wpcf7-form-control-wrap\"><div data-sitekey=\"6LfE7cMpAAAAAPQJx6cgw17qRg3YPPkbn5Kzu87N\" data-size=\"compact\" class=\"wpcf7-form-control g-recaptcha wpcf7-recaptcha\"><\/div>\n<noscript>\n\t<div style=\"width: 302px; height: 422px;\">\n\t\t<div style=\"width: 302px; height: 422px; position: relative;\">\n\t\t\t<div style=\"width: 302px; height: 422px; position: absolute;\">\n\t\t\t\t<iframe src=\"https:\/\/www.google.com\/recaptcha\/api\/fallback?k=6LfE7cMpAAAAAPQJx6cgw17qRg3YPPkbn5Kzu87N\" frameborder=\"0\" scrolling=\"no\" style=\"width: 302px; height:422px; border-style: none;\">\n\t\t\t\t<\/iframe>\n\t\t\t<\/div>\n\t\t\t<div style=\"width: 300px; height: 60px; border-style: none; bottom: 12px; left: 25px; margin: 0px; padding: 0px; right: 25px; background: #f9f9f9; border: 1px solid #c1c1c1; border-radius: 3px;\">\n\t\t\t\t<textarea id=\"g-recaptcha-response\" name=\"g-recaptcha-response\" class=\"g-recaptcha-response\" style=\"width: 250px; height: 40px; border: 1px solid #c1c1c1; margin: 10px 25px; padding: 0px; resize: none;\">\n\t\t\t\t<\/textarea>\n\t\t\t<\/div>\n\t\t<\/div>\n\t<\/div>\n<\/noscript>\n<\/div>\n<p><label> Etes vous un Humain ou une Machine ?   Humain   <span class=\"wpcf7-form-control-wrap EtesvousHumain\"><input type=\"checkbox\" name=\"EtesvousHumain\" value=\"1\" class=\"wpcf7-form-control wpcf7-acceptance\" aria-invalid=\"false\" \/><\/span> <\/label> <\/p>\n<p><input type=\"submit\" value=\"Send\" class=\"wpcf7-form-control wpcf7-submit\" \/><\/p>\n<p style=\"display: none !important;\" class=\"akismet-fields-container\" data-prefix=\"_wpcf7_ak_\"><label>&#916;<textarea name=\"_wpcf7_ak_hp_textarea\" cols=\"45\" rows=\"8\" maxlength=\"100\"><\/textarea><\/label><input type=\"hidden\" id=\"ak_js_1\" name=\"_wpcf7_ak_js\" value=\"207\"\/><script>document.getElementById( \"ak_js_1\" ).setAttribute( \"value\", ( new Date() ).getTime() );<\/script><\/p><div class=\"wpcf7-response-output wpcf7-display-none\"><\/div><\/form><\/div>","protected":false},"excerpt":{"rendered":"<p>Soyez les bienvenues sur Zahia.fr. Comme vous pouvez le voir, ce site est en permanente \u00e9volution. &#8230; N&#8217;h\u00e9sitez pas \u00e0 revenir souvent pour d\u00e9couvrir des nouveaut\u00e9s. Si vous d\u00e9sirez \u00eatre mis au courant de l&#8217;actualit\u00e9, inscrivez vous \u00e0 notre newsletter<\/p>\n","protected":false},"author":1,"featured_media":0,"parent":0,"menu_order":0,"comment_status":"closed","ping_status":"open","template":"","meta":{"footnotes":""},"class_list":["post-2","page","type-page","status-publish","hentry"],"yoast_head":"<!-- This site is optimized with the Yoast SEO plugin v23.0 - https:\/\/yoast.com\/wordpress\/plugins\/seo\/ -->\n<title>Soyez les Bienvenus sur Zahia.fr - Zahia - Artiste Peintre de toiles vivantes, Photographe de l&#039;authentique et Art-Th\u00e9rapeute. Sp\u00e9cialis\u00e9e en Encaustique et Bien \u00eatre<\/title>\n<meta name=\"description\" content=\"Explorez les \u0153uvres de Zahia sur zahia.fr, une artiste polyvalente sp\u00e9cialis\u00e9e dans l&#039;encaustique et l&#039;art-th\u00e9rapie. Participez \u00e0 ses ateliers pour un voyage cr\u00e9atif et th\u00e9rapeutique.\" \/>\n<meta name=\"robots\" content=\"index, follow, max-snippet:-1, max-image-preview:large, max-video-preview:-1\" \/>\n<link rel=\"canonical\" href=\"https:\/\/www.zahia.fr\/index.php\/zahia-artiste-peintre-photographe-et-therapeute-encaustique-et-toiles-vivantes\/\" \/>\n<meta property=\"og:locale\" content=\"fr_FR\" \/>\n<meta property=\"og:type\" content=\"article\" \/>\n<meta property=\"og:title\" content=\"Soyez les Bienvenus sur Zahia.fr - Zahia - Artiste Peintre de toiles vivantes, Photographe de l&#039;authentique et Art-Th\u00e9rapeute. Sp\u00e9cialis\u00e9e en Encaustique et Bien \u00eatre\" \/>\n<meta property=\"og:description\" content=\"Explorez les \u0153uvres de Zahia sur zahia.fr, une artiste polyvalente sp\u00e9cialis\u00e9e dans l&#039;encaustique et l&#039;art-th\u00e9rapie. Participez \u00e0 ses ateliers pour un voyage cr\u00e9atif et th\u00e9rapeutique.\" \/>\n<meta property=\"og:url\" content=\"https:\/\/www.zahia.fr\/index.php\/zahia-artiste-peintre-photographe-et-therapeute-encaustique-et-toiles-vivantes\/\" \/>\n<meta property=\"og:site_name\" content=\"Zahia - Artiste Peintre de toiles vivantes, Photographe de l&#039;authentique et Art-Th\u00e9rapeute. Sp\u00e9cialis\u00e9e en Encaustique et Bien \u00eatre\" \/>\n<meta property=\"article:modified_time\" content=\"2024-07-14T23:40:39+00:00\" \/>\n<meta property=\"og:image\" content=\"https:\/\/www.zahia.fr\/wp-content\/uploads\/2024\/07\/salon-scaled.jpg\" \/>\n<meta name=\"twitter:card\" content=\"summary_large_image\" \/>\n<meta name=\"twitter:label1\" content=\"Dur\u00e9e de lecture estim\u00e9e\" \/>\n\t<meta name=\"twitter:data1\" content=\"1 minute\" \/>\n<script type=\"application\/ld+json\" class=\"yoast-schema-graph\">{\"@context\":\"https:\/\/schema.org\",\"@graph\":[{\"@type\":\"WebPage\",\"@id\":\"https:\/\/www.zahia.fr\/index.php\/zahia-artiste-peintre-photographe-et-therapeute-encaustique-et-toiles-vivantes\/\",\"url\":\"https:\/\/www.zahia.fr\/index.php\/zahia-artiste-peintre-photographe-et-therapeute-encaustique-et-toiles-vivantes\/\",\"name\":\"Soyez les Bienvenus sur Zahia.fr - Zahia - Artiste Peintre de toiles vivantes, Photographe de l&#039;authentique et Art-Th\u00e9rapeute. Sp\u00e9cialis\u00e9e en Encaustique et Bien \u00eatre\",\"isPartOf\":{\"@id\":\"https:\/\/www.zahia.fr\/#website\"},\"primaryImageOfPage\":{\"@id\":\"https:\/\/www.zahia.fr\/index.php\/zahia-artiste-peintre-photographe-et-therapeute-encaustique-et-toiles-vivantes\/#primaryimage\"},\"image\":{\"@id\":\"https:\/\/www.zahia.fr\/index.php\/zahia-artiste-peintre-photographe-et-therapeute-encaustique-et-toiles-vivantes\/#primaryimage\"},\"thumbnailUrl\":\"https:\/\/www.zahia.fr\/wp-content\/uploads\/2024\/07\/salon-scaled.jpg\",\"datePublished\":\"2016-10-25T23:42:32+00:00\",\"dateModified\":\"2024-07-14T23:40:39+00:00\",\"description\":\"Explorez les \u0153uvres de Zahia sur zahia.fr, une artiste polyvalente sp\u00e9cialis\u00e9e dans l'encaustique et l'art-th\u00e9rapie. Participez \u00e0 ses ateliers pour un voyage cr\u00e9atif et th\u00e9rapeutique.\",\"breadcrumb\":{\"@id\":\"https:\/\/www.zahia.fr\/index.php\/zahia-artiste-peintre-photographe-et-therapeute-encaustique-et-toiles-vivantes\/#breadcrumb\"},\"inLanguage\":\"fr-FR\",\"potentialAction\":[{\"@type\":\"ReadAction\",\"target\":[\"https:\/\/www.zahia.fr\/index.php\/zahia-artiste-peintre-photographe-et-therapeute-encaustique-et-toiles-vivantes\/\"]}]},{\"@type\":\"ImageObject\",\"inLanguage\":\"fr-FR\",\"@id\":\"https:\/\/www.zahia.fr\/index.php\/zahia-artiste-peintre-photographe-et-therapeute-encaustique-et-toiles-vivantes\/#primaryimage\",\"url\":\"https:\/\/www.zahia.fr\/wp-content\/uploads\/2024\/07\/salon-scaled.jpg\",\"contentUrl\":\"https:\/\/www.zahia.fr\/wp-content\/uploads\/2024\/07\/salon-scaled.jpg\",\"width\":1976,\"height\":2560},{\"@type\":\"BreadcrumbList\",\"@id\":\"https:\/\/www.zahia.fr\/index.php\/zahia-artiste-peintre-photographe-et-therapeute-encaustique-et-toiles-vivantes\/#breadcrumb\",\"itemListElement\":[{\"@type\":\"ListItem\",\"position\":1,\"name\":\"Accueil\",\"item\":\"https:\/\/www.zahia.fr\/\"},{\"@type\":\"ListItem\",\"position\":2,\"name\":\"Soyez les Bienvenus sur Zahia.fr\"}]},{\"@type\":\"WebSite\",\"@id\":\"https:\/\/www.zahia.fr\/#website\",\"url\":\"https:\/\/www.zahia.fr\/\",\"name\":\"Zahia Artiste Peintre, Photographe et Th\u00e9rapeute - Encaustique et Toiles vivantes\",\"description\":\"L&#039;Art au service du Bien\",\"publisher\":{\"@id\":\"https:\/\/www.zahia.fr\/#\/schema\/person\/96b83c2a05e612d5e9a768ae89537b33\"},\"alternateName\":\"Zahia & l'encaustique - L&#039;Art au service du Bien\",\"potentialAction\":[{\"@type\":\"SearchAction\",\"target\":{\"@type\":\"EntryPoint\",\"urlTemplate\":\"https:\/\/www.zahia.fr\/?s={search_term_string}\"},\"query-input\":\"required name=search_term_string\"}],\"inLanguage\":\"fr-FR\"},{\"@type\":[\"Person\",\"Organization\"],\"@id\":\"https:\/\/www.zahia.fr\/#\/schema\/person\/96b83c2a05e612d5e9a768ae89537b33\",\"name\":\"zahiapeintre\",\"image\":{\"@type\":\"ImageObject\",\"inLanguage\":\"fr-FR\",\"@id\":\"https:\/\/www.zahia.fr\/#\/schema\/person\/image\/\",\"url\":\"https:\/\/zahia.fr\/wp-content\/uploads\/2024\/07\/185504431502228.jpg\",\"contentUrl\":\"https:\/\/zahia.fr\/wp-content\/uploads\/2024\/07\/185504431502228.jpg\",\"width\":237,\"height\":215,\"caption\":\"zahiapeintre\"},\"logo\":{\"@id\":\"https:\/\/www.zahia.fr\/#\/schema\/person\/image\/\"}}]}<\/script>\n<!-- \/ Yoast SEO plugin. -->","yoast_head_json":{"title":"Soyez les Bienvenus sur Zahia.fr - Zahia - Artiste Peintre de toiles vivantes, Photographe de l&#039;authentique et Art-Th\u00e9rapeute. Sp\u00e9cialis\u00e9e en Encaustique et Bien \u00eatre","description":"Explorez les \u0153uvres de Zahia sur zahia.fr, une artiste polyvalente sp\u00e9cialis\u00e9e dans l'encaustique et l'art-th\u00e9rapie. Participez \u00e0 ses ateliers pour un voyage cr\u00e9atif et th\u00e9rapeutique.","robots":{"index":"index","follow":"follow","max-snippet":"max-snippet:-1","max-image-preview":"max-image-preview:large","max-video-preview":"max-video-preview:-1"},"canonical":"https:\/\/www.zahia.fr\/index.php\/zahia-artiste-peintre-photographe-et-therapeute-encaustique-et-toiles-vivantes\/","og_locale":"fr_FR","og_type":"article","og_title":"Soyez les Bienvenus sur Zahia.fr - Zahia - Artiste Peintre de toiles vivantes, Photographe de l&#039;authentique et Art-Th\u00e9rapeute. Sp\u00e9cialis\u00e9e en Encaustique et Bien \u00eatre","og_description":"Explorez les \u0153uvres de Zahia sur zahia.fr, une artiste polyvalente sp\u00e9cialis\u00e9e dans l'encaustique et l'art-th\u00e9rapie. Participez \u00e0 ses ateliers pour un voyage cr\u00e9atif et th\u00e9rapeutique.","og_url":"https:\/\/www.zahia.fr\/index.php\/zahia-artiste-peintre-photographe-et-therapeute-encaustique-et-toiles-vivantes\/","og_site_name":"Zahia - Artiste Peintre de toiles vivantes, Photographe de l&#039;authentique et Art-Th\u00e9rapeute. Sp\u00e9cialis\u00e9e en Encaustique et Bien \u00eatre","article_modified_time":"2024-07-14T23:40:39+00:00","og_image":[{"url":"https:\/\/www.zahia.fr\/wp-content\/uploads\/2024\/07\/salon-scaled.jpg"}],"twitter_card":"summary_large_image","twitter_misc":{"Dur\u00e9e de lecture estim\u00e9e":"1 minute"},"schema":{"@context":"https:\/\/schema.org","@graph":[{"@type":"WebPage","@id":"https:\/\/www.zahia.fr\/index.php\/zahia-artiste-peintre-photographe-et-therapeute-encaustique-et-toiles-vivantes\/","url":"https:\/\/www.zahia.fr\/index.php\/zahia-artiste-peintre-photographe-et-therapeute-encaustique-et-toiles-vivantes\/","name":"Soyez les Bienvenus sur Zahia.fr - Zahia - Artiste Peintre de toiles vivantes, Photographe de l&#039;authentique et Art-Th\u00e9rapeute. Sp\u00e9cialis\u00e9e en Encaustique et Bien \u00eatre","isPartOf":{"@id":"https:\/\/www.zahia.fr\/#website"},"primaryImageOfPage":{"@id":"https:\/\/www.zahia.fr\/index.php\/zahia-artiste-peintre-photographe-et-therapeute-encaustique-et-toiles-vivantes\/#primaryimage"},"image":{"@id":"https:\/\/www.zahia.fr\/index.php\/zahia-artiste-peintre-photographe-et-therapeute-encaustique-et-toiles-vivantes\/#primaryimage"},"thumbnailUrl":"https:\/\/www.zahia.fr\/wp-content\/uploads\/2024\/07\/salon-scaled.jpg","datePublished":"2016-10-25T23:42:32+00:00","dateModified":"2024-07-14T23:40:39+00:00","description":"Explorez les \u0153uvres de Zahia sur zahia.fr, une artiste polyvalente sp\u00e9cialis\u00e9e dans l'encaustique et l'art-th\u00e9rapie. Participez \u00e0 ses ateliers pour un voyage cr\u00e9atif et th\u00e9rapeutique.","breadcrumb":{"@id":"https:\/\/www.zahia.fr\/index.php\/zahia-artiste-peintre-photographe-et-therapeute-encaustique-et-toiles-vivantes\/#breadcrumb"},"inLanguage":"fr-FR","potentialAction":[{"@type":"ReadAction","target":["https:\/\/www.zahia.fr\/index.php\/zahia-artiste-peintre-photographe-et-therapeute-encaustique-et-toiles-vivantes\/"]}]},{"@type":"ImageObject","inLanguage":"fr-FR","@id":"https:\/\/www.zahia.fr\/index.php\/zahia-artiste-peintre-photographe-et-therapeute-encaustique-et-toiles-vivantes\/#primaryimage","url":"https:\/\/www.zahia.fr\/wp-content\/uploads\/2024\/07\/salon-scaled.jpg","contentUrl":"https:\/\/www.zahia.fr\/wp-content\/uploads\/2024\/07\/salon-scaled.jpg","width":1976,"height":2560},{"@type":"BreadcrumbList","@id":"https:\/\/www.zahia.fr\/index.php\/zahia-artiste-peintre-photographe-et-therapeute-encaustique-et-toiles-vivantes\/#breadcrumb","itemListElement":[{"@type":"ListItem","position":1,"name":"Accueil","item":"https:\/\/www.zahia.fr\/"},{"@type":"ListItem","position":2,"name":"Soyez les Bienvenus sur Zahia.fr"}]},{"@type":"WebSite","@id":"https:\/\/www.zahia.fr\/#website","url":"https:\/\/www.zahia.fr\/","name":"Zahia Artiste Peintre, Photographe et Th\u00e9rapeute - Encaustique et Toiles vivantes","description":"L&#039;Art au service du Bien","publisher":{"@id":"https:\/\/www.zahia.fr\/#\/schema\/person\/96b83c2a05e612d5e9a768ae89537b33"},"alternateName":"Zahia & l'encaustique - L&#039;Art au service du Bien","potentialAction":[{"@type":"SearchAction","target":{"@type":"EntryPoint","urlTemplate":"https:\/\/www.zahia.fr\/?s={search_term_string}"},"query-input":"required name=search_term_string"}],"inLanguage":"fr-FR"},{"@type":["Person","Organization"],"@id":"https:\/\/www.zahia.fr\/#\/schema\/person\/96b83c2a05e612d5e9a768ae89537b33","name":"zahiapeintre","image":{"@type":"ImageObject","inLanguage":"fr-FR","@id":"https:\/\/www.zahia.fr\/#\/schema\/person\/image\/","url":"https:\/\/zahia.fr\/wp-content\/uploads\/2024\/07\/185504431502228.jpg","contentUrl":"https:\/\/zahia.fr\/wp-content\/uploads\/2024\/07\/185504431502228.jpg","width":237,"height":215,"caption":"zahiapeintre"},"logo":{"@id":"https:\/\/www.zahia.fr\/#\/schema\/person\/image\/"}}]}},"_links":{"self":[{"href":"https:\/\/www.zahia.fr\/index.php\/wp-json\/wp\/v2\/pages\/2","targetHints":{"allow":["GET"]}}],"collection":[{"href":"https:\/\/www.zahia.fr\/index.php\/wp-json\/wp\/v2\/pages"}],"about":[{"href":"https:\/\/www.zahia.fr\/index.php\/wp-json\/wp\/v2\/types\/page"}],"author":[{"embeddable":true,"href":"https:\/\/www.zahia.fr\/index.php\/wp-json\/wp\/v2\/users\/1"}],"replies":[{"embeddable":true,"href":"https:\/\/www.zahia.fr\/index.php\/wp-json\/wp\/v2\/comments?post=2"}],"version-history":[{"count":27,"href":"https:\/\/www.zahia.fr\/index.php\/wp-json\/wp\/v2\/pages\/2\/revisions"}],"predecessor-version":[{"id":3257,"href":"https:\/\/www.zahia.fr\/index.php\/wp-json\/wp\/v2\/pages\/2\/revisions\/3257"}],"wp:attachment":[{"href":"https:\/\/www.zahia.fr\/index.php\/wp-json\/wp\/v2\/media?parent=2"}],"curies":[{"name":"wp","href":"https:\/\/api.w.org\/{rel}","templated":true}]}}