{"id":324,"date":"2019-11-29T03:35:25","date_gmt":"2019-11-29T02:35:25","guid":{"rendered":"http:\/\/zahia.fr\/index.php\/conditions-generales-de-vente\/"},"modified":"2019-11-29T03:35:30","modified_gmt":"2019-11-29T02:35:30","slug":"conditions-generales-de-vente","status":"publish","type":"page","link":"https:\/\/www.zahia.fr\/index.php\/conditions-generales-de-vente\/","title":{"rendered":"Conditions g\u00e9n\u00e9rales de vente"},"content":{"rendered":"<h1>Vos conditions g\u00e9n\u00e9rales de vente<\/h1>\n<h3>R\u00e8gle 1<\/h3>\n<p>Ut enim quisque sibi plurimum confidit et ut quisque maxime virtute et sapientia sic munitus est, ut nullo egeat suaque omnia in se ipso posita iudicet, ita in amicitiis expetendis colendisque maxime excellit.<\/p>\n<h3>R\u00e8gle 2<\/h3>\n<p>Ut enim quisque sibi plurimum confidit et ut quisque maxime virtute et sapientia sic munitus est, ut nullo egeat suaque omnia in se ipso posita iudicet, ita in amicitiis expetendis colendisque maxime excellit.<\/p>\n<h3>R\u00e8gle 3<\/h3>\n<p>Ut enim quisque sibi plurimum confidit et ut quisque maxime virtute et sapientia sic munitus est, ut nullo egeat suaque omnia in se ipso posita iudicet, ita in amicitiis expetendis colendisque maxime excellit.<\/p>\n<h3>Cr\u00e9dits<\/h3>\n<p>Zahia Artiste Plasticienne utilise <a href=\"http:\/\/www.wpshop.fr\" target=\"_blank\" title=\"Zahia Artiste Plasticienne utilise WPShop plug-in e-commerce pour WordPress\">WPShop e-commerce pour WordPress<\/a><\/p>\n","protected":false},"excerpt":{"rendered":"<p>Vos conditions g\u00e9n\u00e9rales de vente R\u00e8gle 1 Ut enim quisque sibi plurimum confidit et ut quisque maxime virtute et sapientia sic munitus est, ut nullo egeat suaque omnia in se ipso posita iudicet, ita in amicitiis expetendis colendisque maxime excellit. R\u00e8gle 2 Ut enim quisque sibi plurimum confidit et ut quisque maxime virtute et sapientia &hellip; <\/p>\n<p class=\"link-more\"><a href=\"https:\/\/www.zahia.fr\/index.php\/conditions-generales-de-vente\/\" class=\"more-link\">Continuer la lecture<span class=\"screen-reader-text\"> de &laquo;&nbsp;Conditions g\u00e9n\u00e9rales de vente&nbsp;&raquo;<\/span><\/a><\/p>\n","protected":false},"author":1,"featured_media":0,"parent":0,"menu_order":569848,"comment_status":"closed","ping_status":"closed","template":"","meta":{"footnotes":""},"class_list":["post-324","page","type-page","status-publish","hentry"],"yoast_head":"<!-- This site is optimized with the Yoast SEO plugin v23.0 - https:\/\/yoast.com\/wordpress\/plugins\/seo\/ -->\n<title>Conditions g\u00e9n\u00e9rales de vente - Zahia - Artiste Peintre de toiles vivantes, Photographe de l&#039;authentique et Art-Th\u00e9rapeute. Sp\u00e9cialis\u00e9e en Encaustique et Bien \u00eatre<\/title>\n<meta name=\"robots\" content=\"index, follow, max-snippet:-1, max-image-preview:large, max-video-preview:-1\" \/>\n<link rel=\"canonical\" href=\"https:\/\/www.zahia.fr\/index.php\/conditions-generales-de-vente\/\" \/>\n<meta property=\"og:locale\" content=\"fr_FR\" \/>\n<meta property=\"og:type\" content=\"article\" \/>\n<meta property=\"og:title\" content=\"Conditions g\u00e9n\u00e9rales de vente - Zahia - Artiste Peintre de toiles vivantes, Photographe de l&#039;authentique et Art-Th\u00e9rapeute. Sp\u00e9cialis\u00e9e en Encaustique et Bien \u00eatre\" \/>\n<meta property=\"og:description\" content=\"Vos conditions g\u00e9n\u00e9rales de vente R\u00e8gle 1 Ut enim quisque sibi plurimum confidit et ut quisque maxime virtute et sapientia sic munitus est, ut nullo egeat suaque omnia in se ipso posita iudicet, ita in amicitiis expetendis colendisque maxime excellit. R\u00e8gle 2 Ut enim quisque sibi plurimum confidit et ut quisque maxime virtute et sapientia &hellip; Continuer la lecture de &laquo;&nbsp;Conditions g\u00e9n\u00e9rales de vente&nbsp;&raquo;\" \/>\n<meta property=\"og:url\" content=\"https:\/\/www.zahia.fr\/index.php\/conditions-generales-de-vente\/\" \/>\n<meta property=\"og:site_name\" content=\"Zahia - Artiste Peintre de toiles vivantes, Photographe de l&#039;authentique et Art-Th\u00e9rapeute. Sp\u00e9cialis\u00e9e en Encaustique et Bien \u00eatre\" \/>\n<meta property=\"article:modified_time\" content=\"2019-11-29T02:35:30+00:00\" \/>\n<meta name=\"twitter:card\" content=\"summary_large_image\" \/>\n<meta name=\"twitter:label1\" content=\"Dur\u00e9e de lecture estim\u00e9e\" \/>\n\t<meta name=\"twitter:data1\" content=\"1 minute\" \/>\n<script type=\"application\/ld+json\" class=\"yoast-schema-graph\">{\"@context\":\"https:\/\/schema.org\",\"@graph\":[{\"@type\":\"WebPage\",\"@id\":\"https:\/\/www.zahia.fr\/index.php\/conditions-generales-de-vente\/\",\"url\":\"https:\/\/www.zahia.fr\/index.php\/conditions-generales-de-vente\/\",\"name\":\"Conditions g\u00e9n\u00e9rales de vente - Zahia - Artiste Peintre de toiles vivantes, Photographe de l&#039;authentique et Art-Th\u00e9rapeute. Sp\u00e9cialis\u00e9e en Encaustique et Bien \u00eatre\",\"isPartOf\":{\"@id\":\"https:\/\/www.zahia.fr\/#website\"},\"datePublished\":\"2019-11-29T02:35:25+00:00\",\"dateModified\":\"2019-11-29T02:35:30+00:00\",\"breadcrumb\":{\"@id\":\"https:\/\/www.zahia.fr\/index.php\/conditions-generales-de-vente\/#breadcrumb\"},\"inLanguage\":\"fr-FR\",\"potentialAction\":[{\"@type\":\"ReadAction\",\"target\":[\"https:\/\/www.zahia.fr\/index.php\/conditions-generales-de-vente\/\"]}]},{\"@type\":\"BreadcrumbList\",\"@id\":\"https:\/\/www.zahia.fr\/index.php\/conditions-generales-de-vente\/#breadcrumb\",\"itemListElement\":[{\"@type\":\"ListItem\",\"position\":1,\"name\":\"Accueil\",\"item\":\"https:\/\/www.zahia.fr\/\"},{\"@type\":\"ListItem\",\"position\":2,\"name\":\"Conditions g\u00e9n\u00e9rales de vente\"}]},{\"@type\":\"WebSite\",\"@id\":\"https:\/\/www.zahia.fr\/#website\",\"url\":\"https:\/\/www.zahia.fr\/\",\"name\":\"Zahia Artiste Peintre, Photographe et Th\u00e9rapeute - Encaustique et Toiles vivantes\",\"description\":\"L&#039;Art au service du Bien\",\"publisher\":{\"@id\":\"https:\/\/www.zahia.fr\/#\/schema\/person\/96b83c2a05e612d5e9a768ae89537b33\"},\"alternateName\":\"Zahia & l'encaustique - L&#039;Art au service du Bien\",\"potentialAction\":[{\"@type\":\"SearchAction\",\"target\":{\"@type\":\"EntryPoint\",\"urlTemplate\":\"https:\/\/www.zahia.fr\/?s={search_term_string}\"},\"query-input\":\"required name=search_term_string\"}],\"inLanguage\":\"fr-FR\"},{\"@type\":[\"Person\",\"Organization\"],\"@id\":\"https:\/\/www.zahia.fr\/#\/schema\/person\/96b83c2a05e612d5e9a768ae89537b33\",\"name\":\"zahiapeintre\",\"image\":{\"@type\":\"ImageObject\",\"inLanguage\":\"fr-FR\",\"@id\":\"https:\/\/www.zahia.fr\/#\/schema\/person\/image\/\",\"url\":\"https:\/\/zahia.fr\/wp-content\/uploads\/2024\/07\/185504431502228.jpg\",\"contentUrl\":\"https:\/\/zahia.fr\/wp-content\/uploads\/2024\/07\/185504431502228.jpg\",\"width\":237,\"height\":215,\"caption\":\"zahiapeintre\"},\"logo\":{\"@id\":\"https:\/\/www.zahia.fr\/#\/schema\/person\/image\/\"}}]}<\/script>\n<!-- \/ Yoast SEO plugin. -->","yoast_head_json":{"title":"Conditions g\u00e9n\u00e9rales de vente - Zahia - Artiste Peintre de toiles vivantes, Photographe de l&#039;authentique et Art-Th\u00e9rapeute. Sp\u00e9cialis\u00e9e en Encaustique et Bien \u00eatre","robots":{"index":"index","follow":"follow","max-snippet":"max-snippet:-1","max-image-preview":"max-image-preview:large","max-video-preview":"max-video-preview:-1"},"canonical":"https:\/\/www.zahia.fr\/index.php\/conditions-generales-de-vente\/","og_locale":"fr_FR","og_type":"article","og_title":"Conditions g\u00e9n\u00e9rales de vente - Zahia - Artiste Peintre de toiles vivantes, Photographe de l&#039;authentique et Art-Th\u00e9rapeute. Sp\u00e9cialis\u00e9e en Encaustique et Bien \u00eatre","og_description":"Vos conditions g\u00e9n\u00e9rales de vente R\u00e8gle 1 Ut enim quisque sibi plurimum confidit et ut quisque maxime virtute et sapientia sic munitus est, ut nullo egeat suaque omnia in se ipso posita iudicet, ita in amicitiis expetendis colendisque maxime excellit. R\u00e8gle 2 Ut enim quisque sibi plurimum confidit et ut quisque maxime virtute et sapientia &hellip; Continuer la lecture de &laquo;&nbsp;Conditions g\u00e9n\u00e9rales de vente&nbsp;&raquo;","og_url":"https:\/\/www.zahia.fr\/index.php\/conditions-generales-de-vente\/","og_site_name":"Zahia - Artiste Peintre de toiles vivantes, Photographe de l&#039;authentique et Art-Th\u00e9rapeute. Sp\u00e9cialis\u00e9e en Encaustique et Bien \u00eatre","article_modified_time":"2019-11-29T02:35:30+00:00","twitter_card":"summary_large_image","twitter_misc":{"Dur\u00e9e de lecture estim\u00e9e":"1 minute"},"schema":{"@context":"https:\/\/schema.org","@graph":[{"@type":"WebPage","@id":"https:\/\/www.zahia.fr\/index.php\/conditions-generales-de-vente\/","url":"https:\/\/www.zahia.fr\/index.php\/conditions-generales-de-vente\/","name":"Conditions g\u00e9n\u00e9rales de vente - Zahia - Artiste Peintre de toiles vivantes, Photographe de l&#039;authentique et Art-Th\u00e9rapeute. Sp\u00e9cialis\u00e9e en Encaustique et Bien \u00eatre","isPartOf":{"@id":"https:\/\/www.zahia.fr\/#website"},"datePublished":"2019-11-29T02:35:25+00:00","dateModified":"2019-11-29T02:35:30+00:00","breadcrumb":{"@id":"https:\/\/www.zahia.fr\/index.php\/conditions-generales-de-vente\/#breadcrumb"},"inLanguage":"fr-FR","potentialAction":[{"@type":"ReadAction","target":["https:\/\/www.zahia.fr\/index.php\/conditions-generales-de-vente\/"]}]},{"@type":"BreadcrumbList","@id":"https:\/\/www.zahia.fr\/index.php\/conditions-generales-de-vente\/#breadcrumb","itemListElement":[{"@type":"ListItem","position":1,"name":"Accueil","item":"https:\/\/www.zahia.fr\/"},{"@type":"ListItem","position":2,"name":"Conditions g\u00e9n\u00e9rales de vente"}]},{"@type":"WebSite","@id":"https:\/\/www.zahia.fr\/#website","url":"https:\/\/www.zahia.fr\/","name":"Zahia Artiste Peintre, Photographe et Th\u00e9rapeute - Encaustique et Toiles vivantes","description":"L&#039;Art au service du Bien","publisher":{"@id":"https:\/\/www.zahia.fr\/#\/schema\/person\/96b83c2a05e612d5e9a768ae89537b33"},"alternateName":"Zahia & l'encaustique - L&#039;Art au service du Bien","potentialAction":[{"@type":"SearchAction","target":{"@type":"EntryPoint","urlTemplate":"https:\/\/www.zahia.fr\/?s={search_term_string}"},"query-input":"required name=search_term_string"}],"inLanguage":"fr-FR"},{"@type":["Person","Organization"],"@id":"https:\/\/www.zahia.fr\/#\/schema\/person\/96b83c2a05e612d5e9a768ae89537b33","name":"zahiapeintre","image":{"@type":"ImageObject","inLanguage":"fr-FR","@id":"https:\/\/www.zahia.fr\/#\/schema\/person\/image\/","url":"https:\/\/zahia.fr\/wp-content\/uploads\/2024\/07\/185504431502228.jpg","contentUrl":"https:\/\/zahia.fr\/wp-content\/uploads\/2024\/07\/185504431502228.jpg","width":237,"height":215,"caption":"zahiapeintre"},"logo":{"@id":"https:\/\/www.zahia.fr\/#\/schema\/person\/image\/"}}]}},"_links":{"self":[{"href":"https:\/\/www.zahia.fr\/index.php\/wp-json\/wp\/v2\/pages\/324","targetHints":{"allow":["GET"]}}],"collection":[{"href":"https:\/\/www.zahia.fr\/index.php\/wp-json\/wp\/v2\/pages"}],"about":[{"href":"https:\/\/www.zahia.fr\/index.php\/wp-json\/wp\/v2\/types\/page"}],"author":[{"embeddable":true,"href":"https:\/\/www.zahia.fr\/index.php\/wp-json\/wp\/v2\/users\/1"}],"replies":[{"embeddable":true,"href":"https:\/\/www.zahia.fr\/index.php\/wp-json\/wp\/v2\/comments?post=324"}],"version-history":[{"count":2,"href":"https:\/\/www.zahia.fr\/index.php\/wp-json\/wp\/v2\/pages\/324\/revisions"}],"predecessor-version":[{"id":337,"href":"https:\/\/www.zahia.fr\/index.php\/wp-json\/wp\/v2\/pages\/324\/revisions\/337"}],"wp:attachment":[{"href":"https:\/\/www.zahia.fr\/index.php\/wp-json\/wp\/v2\/media?parent=324"}],"curies":[{"name":"wp","href":"https:\/\/api.w.org\/{rel}","templated":true}]}}